{"id":809,"date":"2019-04-03T09:07:35","date_gmt":"2019-04-03T09:07:35","guid":{"rendered":"https:\/\/hydropower.me\/index.php\/about-us\/"},"modified":"2019-08-05T07:27:39","modified_gmt":"2019-08-05T07:27:39","slug":"about-us","status":"publish","type":"page","link":"https:\/\/hydropower.me\/index.php\/about-us\/?lang=me","title":{"rendered":"O NAMA"},"content":{"rendered":"<div class=\"wpb-content-wrapper\"><p>[vc_row bg_type=&#8221;bg_color&#8221; bg_override=&#8221;ex-full&#8221; bg_color_value=&#8221;#f4f4f4&#8243; css=&#8221;.vc_custom_1554284267347{margin-top: -70px !important;}&#8221;][vc_column width=&#8221;1\/2&#8243;][vc_empty_space height=&#8221;52px&#8221;][vc_custom_heading text=&#8221;O NAMA&#8221; font_container=&#8221;tag:h2|text_align:left|color:%23ce2129&#8243; google_fonts=&#8221;font_family:Roboto%3A100%2C100italic%2C300%2C300italic%2Cregular%2Citalic%2C500%2C500italic%2C700%2C700italic%2C900%2C900italic|font_style:500%20bold%20regular%3A500%3Anormal&#8221;][vc_empty_space height=&#8221;22px&#8221;][vc_custom_heading text=&#8221;Mi gradimo zajedno&#8221; font_container=&#8221;tag:h2|font_size:40|text_align:left&#8221; google_fonts=&#8221;font_family:Roboto%3A100%2C100italic%2C300%2C300italic%2Cregular%2Citalic%2C500%2C500italic%2C700%2C700italic%2C900%2C900italic|font_style:500%20bold%20regular%3A500%3Anormal&#8221;][vc_empty_space height=&#8221;10px&#8221;][vc_custom_heading text=&#8221;Vase snove&#8221; font_container=&#8221;tag:h2|font_size:40|text_align:left&#8221; google_fonts=&#8221;font_family:Roboto%3A100%2C100italic%2C300%2C300italic%2Cregular%2Citalic%2C500%2C500italic%2C700%2C700italic%2C900%2C900italic|font_style:500%20bold%20regular%3A500%3Anormal&#8221;][vc_column_text css=&#8221;.vc_custom_1558079853999{padding-right: 20px !important;}&#8221;]<\/p>\n<p style=\"text-align: justify;\">Hydropower Doo je zvanicno otvorio svoju radnju 26.06.2018. godine. Kompanija Vam nudi sve rezervne djelove za bagere, grejdere, buldo\u017eere, valjke itd. kao \u0161to su podvozje, motor, pumpe, filteri, crijevi, ulja, gumene\/metalne gusjenice i razne djelove za industriju. Bliska saradnja sa najpresti\u017enijim me\u0111unarodnim kompanijama bila je klju\u010d na\u0161eg uspjeha, pru\u017eajuc\u0301i nam visok kvalitet, konkurentne cijene i kvalifikovanu uslugu.<br \/>\nHydropower D.O.O u Podgorici je dio Hydropower sh.pk Albanije koja je osnovana 2005. godine, sa sjedi\u0161tem u Tirani, aktivna je u oblasti rezervnih djelova za te\u0161ku mehanizaciju i industriju. Zbog povec\u0301anja tr\u017ei\u0161ta i potrebe kompanije u 2014. godini, smatralo se razumnim da se preseli na nove prostorije i skladi\u0161ta ukupne povr\u0161ine od 2500 m2. Da bi bili bli\u017ei na\u0161im kupcima, Hydropower je u 2017. godini otvorio novu filijalu u Fieru, a 2018. godine u Podgorici, Crna Gora. Pokazivanjem svoje posvec\u0301enosti kompanija je dostigla visok nivo i dobila je sledec\u0301e sertifikate:<br \/>\nISO 9001: 2000 05. juna 2017.<br \/>\nISO 14001: 2004 04. aprila 2017.<br \/>\nISO 18001: 2007 04. aprila 2017.<\/p>\n<p>[\/vc_column_text][\/vc_column][vc_column width=&#8221;1\/2&#8243;][vc_empty_space height=&#8221;52px&#8221;][vc_single_image image=&#8221;167&#8243; img_size=&#8221;473X583&#8243; alignment=&#8221;center&#8221; image_hovers=&#8221;false&#8221; el_class=&#8221;img&#8221;][\/vc_column][\/vc_row][vc_row full_width=&#8221;stretch_row_content_no_spaces&#8221; css=&#8221;.vc_custom_1554286055713{margin-bottom: -70px !important;}&#8221;][vc_column width=&#8221;1\/2&#8243; css=&#8221;.vc_custom_1554285048778{background-color: #ce2129 !important;}&#8221;][vc_single_image image=&#8221;168&#8243; img_size=&#8221;full&#8221; alignment=&#8221;center&#8221; image_hovers=&#8221;false&#8221;][vc_custom_heading text=&#8221;NA\u0160A VIZIJA&#8221; font_container=&#8221;tag:h4|text_align:center|color:%23ffffff&#8221; google_fonts=&#8221;font_family:Roboto%3A100%2C100italic%2C300%2C300italic%2Cregular%2Citalic%2C500%2C500italic%2C700%2C700italic%2C900%2C900italic|font_style:400%20regular%3A400%3Anormal&#8221;][vc_column_text css=&#8221;.vc_custom_1564989919274{padding-right: 120px !important;padding-left: 120px !important;}&#8221;]<\/p>\n<p style=\"text-align: center;\"><span style=\"color: #ffffff;\">Na\u0161a vizija slu\u017ei kao vodi\u010d za odr\u017eavanje stabilnog i kvalitetnog rasta. Zbog toga, Hydropower je<br \/>\nfokusirana na: ljude, partnere, produktivnost.<br \/>\n<\/span><\/p>\n<p>[\/vc_column_text][\/vc_column][vc_column width=&#8221;1\/2&#8243; css=&#8221;.vc_custom_1554286073530{background-color: #1a1c20 !important;}&#8221;][vc_single_image image=&#8221;169&#8243; img_size=&#8221;full&#8221; alignment=&#8221;center&#8221; image_hovers=&#8221;false&#8221;][vc_custom_heading text=&#8221;NA\u0160A MISIJA&#8221; font_container=&#8221;tag:h4|text_align:center|color:%23ffffff&#8221; google_fonts=&#8221;font_family:Roboto%3A100%2C100italic%2C300%2C300italic%2Cregular%2Citalic%2C500%2C500italic%2C700%2C700italic%2C900%2C900italic|font_style:400%20regular%3A400%3Anormal&#8221;][vc_column_text css=&#8221;.vc_custom_1564990057233{padding-right: 120px !important;padding-left: 120px !important;}&#8221;]<\/p>\n<p style=\"text-align: center;\"><span style=\"color: #ffffff;\">Hydropower ima za cilj da ponudi svojim kupcima: kvalitet, iskustvo, garanciju, povjerenje.<br \/>\n<\/span><\/p>\n<p>[\/vc_column_text][vc_empty_space height=&#8221;27px&#8221;][\/vc_column][\/vc_row]<\/p>\n<\/div>","protected":false},"excerpt":{"rendered":"<p>[vc_row bg_type=&#8221;bg_color&#8221; bg_override=&#8221;ex-full&#8221; bg_color_value=&#8221;#f4f4f4&#8243; css=&#8221;.vc_custom_1554284267347{margin-top: -70px !important;}&#8221;][vc_column width=&#8221;1\/2&#8243;][vc_empty_space height=&#8221;52px&#8221;][vc_custom_heading text=&#8221;O NAMA&#8221; font_container=&#8221;tag:h2|text_align:left|color:%23ce2129&#8243; google_fonts=&#8221;font_family:Roboto%3A100%2C100italic%2C300%2C300italic%2Cregular%2Citalic%2C500%2C500italic%2C700%2C700italic%2C900%2C900italic|font_style:500%20bold%20regular%3A500%3Anormal&#8221;][vc_empty_space height=&#8221;22px&#8221;][vc_custom_heading text=&#8221;Mi gradimo zajedno&#8221; font_container=&#8221;tag:h2|font_size:40|text_align:left&#8221; google_fonts=&#8221;font_family:Roboto%3A100%2C100italic%2C300%2C300italic%2Cregular%2Citalic%2C500%2C500italic%2C700%2C700italic%2C900%2C900italic|font_style:500%20bold%20regular%3A500%3Anormal&#8221;][vc_empty_space height=&#8221;10px&#8221;][vc_custom_heading text=&#8221;Vase snove&#8221; font_container=&#8221;tag:h2|font_size:40|text_align:left&#8221; google_fonts=&#8221;font_family:Roboto%3A100%2C100italic%2C300%2C300italic%2Cregular%2Citalic%2C500%2C500italic%2C700%2C700italic%2C900%2C900italic|font_style:500%20bold%20regular%3A500%3Anormal&#8221;][vc_column_text css=&#8221;.vc_custom_1558079853999{padding-right: 20px !important;}&#8221;] Hydropower Doo je zvanicno otvorio svoju radnju 26.06.2018. godine. Kompanija Vam nudi sve rezervne djelove za bagere, grejdere, buldo\u017eere, valjke itd. kao \u0161to su podvozje, motor, pumpe, filteri,&hellip;<\/p>\n","protected":false},"author":3,"featured_media":0,"parent":0,"menu_order":0,"comment_status":"closed","ping_status":"closed","template":"","meta":{"footnotes":""},"class_list":["post-809","page","type-page","status-publish","hentry","description-off"],"_links":{"self":[{"href":"https:\/\/hydropower.me\/index.php\/wp-json\/wp\/v2\/pages\/809","targetHints":{"allow":["GET"]}}],"collection":[{"href":"https:\/\/hydropower.me\/index.php\/wp-json\/wp\/v2\/pages"}],"about":[{"href":"https:\/\/hydropower.me\/index.php\/wp-json\/wp\/v2\/types\/page"}],"author":[{"embeddable":true,"href":"https:\/\/hydropower.me\/index.php\/wp-json\/wp\/v2\/users\/3"}],"replies":[{"embeddable":true,"href":"https:\/\/hydropower.me\/index.php\/wp-json\/wp\/v2\/comments?post=809"}],"version-history":[{"count":3,"href":"https:\/\/hydropower.me\/index.php\/wp-json\/wp\/v2\/pages\/809\/revisions"}],"predecessor-version":[{"id":1460,"href":"https:\/\/hydropower.me\/index.php\/wp-json\/wp\/v2\/pages\/809\/revisions\/1460"}],"wp:attachment":[{"href":"https:\/\/hydropower.me\/index.php\/wp-json\/wp\/v2\/media?parent=809"}],"curies":[{"name":"wp","href":"https:\/\/api.w.org\/{rel}","templated":true}]}}